{"id":27,"date":"2025-10-02T11:47:57","date_gmt":"2025-10-02T11:47:57","guid":{"rendered":"https:\/\/estanteriasbiltegi.rkinformatika.online\/?page_id=27"},"modified":"2025-10-16T15:45:32","modified_gmt":"2025-10-16T15:45:32","slug":"profesionales","status":"publish","type":"page","link":"https:\/\/biltegisl.com\/eu\/profesionales\/","title":{"rendered":"Profesionalak"},"content":{"rendered":"<div data-elementor-type=\"wp-page\" data-elementor-id=\"27\" class=\"elementor elementor-27\" data-elementor-post-type=\"page\">\n\t\t\t\t<div class=\"elementor-element elementor-element-2e747af e-flex e-con-boxed e-con e-parent\" data-id=\"2e747af\" data-element_type=\"container\" data-e-type=\"container\" data-settings=\"{&quot;background_background&quot;:&quot;classic&quot;}\">\n\t\t\t\t\t<div class=\"e-con-inner\">\n\t\t\t\t\t<\/div>\n\t\t\t\t<\/div>\n\t\t<div class=\"elementor-element elementor-element-6564c71 e-flex e-con-boxed e-con e-parent\" data-id=\"6564c71\" data-element_type=\"container\" data-e-type=\"container\" id=\"estanteria-ligeras\">\n\t\t\t\t\t<div class=\"e-con-inner\">\n\t\t<div class=\"elementor-element elementor-element-d051c2c e-con-full e-flex e-con e-child\" data-id=\"d051c2c\" data-element_type=\"container\" data-e-type=\"container\">\n\t\t\t\t<div class=\"elementor-element elementor-element-efd480b elementor-widget elementor-widget-image\" data-id=\"efd480b\" data-element_type=\"widget\" data-e-type=\"widget\" data-widget_type=\"image.default\">\n\t\t\t\t\t\t\t\t\t\t\t\t\t\t\t<img fetchpriority=\"high\" decoding=\"async\" width=\"1000\" height=\"600\" src=\"https:\/\/biltegisl.com\/wp-content\/uploads\/2025\/10\/estanterias-picking-biltegi-gernika-lumo-bizkaia.jpg\" class=\"attachment-2048x2048 size-2048x2048 wp-image-847\" alt=\"Estanterias Picking\" srcset=\"https:\/\/biltegisl.com\/wp-content\/uploads\/2025\/10\/estanterias-picking-biltegi-gernika-lumo-bizkaia.jpg 1000w, https:\/\/biltegisl.com\/wp-content\/uploads\/2025\/10\/estanterias-picking-biltegi-gernika-lumo-bizkaia-300x180.jpg 300w, https:\/\/biltegisl.com\/wp-content\/uploads\/2025\/10\/estanterias-picking-biltegi-gernika-lumo-bizkaia-768x461.jpg 768w, https:\/\/biltegisl.com\/wp-content\/uploads\/2025\/10\/estanterias-picking-biltegi-gernika-lumo-bizkaia-18x12.jpg 18w\" sizes=\"(max-width: 1000px) 100vw, 1000px\" \/>\t\t\t\t\t\t\t\t\t\t\t\t\t\t\t<\/div>\n\t\t\t\t<\/div>\n\t\t<div class=\"elementor-element elementor-element-85cf5d7 e-con-full e-flex e-con e-child\" data-id=\"85cf5d7\" data-element_type=\"container\" data-e-type=\"container\">\n\t\t\t\t<div class=\"elementor-element elementor-element-ed1fe70 elementor-widget elementor-widget-heading\" data-id=\"ed1fe70\" data-element_type=\"widget\" data-e-type=\"widget\" data-widget_type=\"heading.default\">\n\t\t\t\t\t<h2 class=\"elementor-heading-title elementor-size-default\">Estanteria Ligeras<\/h2>\t\t\t\t<\/div>\n\t\t\t\t<div class=\"elementor-element elementor-element-b48f37b elementor-widget elementor-widget-text-editor\" data-id=\"b48f37b\" data-element_type=\"widget\" data-e-type=\"widget\" data-widget_type=\"text-editor.default\">\n\t\t\t\t\t\t\t\t\t<p>Sistema de almacenaje dise\u00f1ado para la preparaci\u00f3n manual de pedidos. Permite organizar productos de carga ligera o media, facilitando el acceso r\u00e1pido a los art\u00edculos y optimizando la gesti\u00f3n del inventario.<\/p>\t\t\t\t\t\t\t\t<\/div>\n\t\t\t\t<\/div>\n\t\t\t\t\t<\/div>\n\t\t\t\t<\/div>\n\t\t<div class=\"elementor-element elementor-element-b56c5b9 e-flex e-con-boxed e-con e-parent\" data-id=\"b56c5b9\" data-element_type=\"container\" data-e-type=\"container\" id=\"paletizaci\u00f3n\">\n\t\t\t\t\t<div class=\"e-con-inner\">\n\t\t<div class=\"elementor-element elementor-element-bca94e4 e-con-full e-flex e-con e-child\" data-id=\"bca94e4\" data-element_type=\"container\" data-e-type=\"container\">\n\t\t\t\t<div class=\"elementor-element elementor-element-610a2ad elementor-widget elementor-widget-image\" data-id=\"610a2ad\" data-element_type=\"widget\" data-e-type=\"widget\" data-widget_type=\"image.default\">\n\t\t\t\t\t\t\t\t\t\t\t\t\t\t\t<img decoding=\"async\" width=\"1600\" height=\"1200\" src=\"https:\/\/biltegisl.com\/wp-content\/uploads\/2025\/10\/WhatsApp-Image-2025-10-16-at-15.33.32.jpeg\" class=\"attachment-2048x2048 size-2048x2048 wp-image-1396\" alt=\"\" srcset=\"https:\/\/biltegisl.com\/wp-content\/uploads\/2025\/10\/WhatsApp-Image-2025-10-16-at-15.33.32.jpeg 1600w, https:\/\/biltegisl.com\/wp-content\/uploads\/2025\/10\/WhatsApp-Image-2025-10-16-at-15.33.32-300x225.jpeg 300w, https:\/\/biltegisl.com\/wp-content\/uploads\/2025\/10\/WhatsApp-Image-2025-10-16-at-15.33.32-1024x768.jpeg 1024w, https:\/\/biltegisl.com\/wp-content\/uploads\/2025\/10\/WhatsApp-Image-2025-10-16-at-15.33.32-768x576.jpeg 768w, https:\/\/biltegisl.com\/wp-content\/uploads\/2025\/10\/WhatsApp-Image-2025-10-16-at-15.33.32-1536x1152.jpeg 1536w, https:\/\/biltegisl.com\/wp-content\/uploads\/2025\/10\/WhatsApp-Image-2025-10-16-at-15.33.32-16x12.jpeg 16w\" sizes=\"(max-width: 1600px) 100vw, 1600px\" \/>\t\t\t\t\t\t\t\t\t\t\t\t\t\t\t<\/div>\n\t\t\t\t<\/div>\n\t\t<div class=\"elementor-element elementor-element-fc0e3e4 e-con-full e-flex e-con e-child\" data-id=\"fc0e3e4\" data-element_type=\"container\" data-e-type=\"container\">\n\t\t\t\t<div class=\"elementor-element elementor-element-7bd659c elementor-widget elementor-widget-heading\" data-id=\"7bd659c\" data-element_type=\"widget\" data-e-type=\"widget\" data-widget_type=\"heading.default\">\n\t\t\t\t\t<h2 class=\"elementor-heading-title elementor-size-default\">Paletizaci\u00f3n<\/h2>\t\t\t\t<\/div>\n\t\t\t\t<div class=\"elementor-element elementor-element-585cc7b elementor-widget elementor-widget-text-editor\" data-id=\"585cc7b\" data-element_type=\"widget\" data-e-type=\"widget\" data-widget_type=\"text-editor.default\">\n\t\t\t\t\t\t\t\t\t<p data-start=\"49\" data-end=\"262\">Sistema de almacenaje pensado para cargas pesadas sobre palets.<\/p><p data-start=\"49\" data-end=\"262\">Facilita el uso de carretillas elevadoras para el movimiento de mercanc\u00edas, optimizando el espacio y la log\u00edstica en almacenes.<\/p>\t\t\t\t\t\t\t\t<\/div>\n\t\t\t\t<\/div>\n\t\t\t\t\t<\/div>\n\t\t\t\t<\/div>\n\t\t<div class=\"elementor-element elementor-element-4ff3847 e-flex e-con-boxed e-con e-parent\" data-id=\"4ff3847\" data-element_type=\"container\" data-e-type=\"container\" id=\"entreplantas\">\n\t\t\t\t\t<div class=\"e-con-inner\">\n\t\t<div class=\"elementor-element elementor-element-ba99ccc e-con-full e-flex e-con e-child\" data-id=\"ba99ccc\" data-element_type=\"container\" data-e-type=\"container\">\n\t\t\t\t<div class=\"elementor-element elementor-element-1f2e19b elementor-widget elementor-widget-image\" data-id=\"1f2e19b\" data-element_type=\"widget\" data-e-type=\"widget\" data-widget_type=\"image.default\">\n\t\t\t\t\t\t\t\t\t\t\t\t\t\t\t<img decoding=\"async\" width=\"1530\" height=\"1080\" src=\"https:\/\/biltegisl.com\/wp-content\/uploads\/2025\/10\/WhatsApp-Image-2025-10-16-at-15.56.05-2-e1760627021166.jpeg\" class=\"attachment-2048x2048 size-2048x2048 wp-image-1581\" alt=\"\" srcset=\"https:\/\/biltegisl.com\/wp-content\/uploads\/2025\/10\/WhatsApp-Image-2025-10-16-at-15.56.05-2-e1760627021166.jpeg 1530w, https:\/\/biltegisl.com\/wp-content\/uploads\/2025\/10\/WhatsApp-Image-2025-10-16-at-15.56.05-2-e1760627021166-300x212.jpeg 300w, https:\/\/biltegisl.com\/wp-content\/uploads\/2025\/10\/WhatsApp-Image-2025-10-16-at-15.56.05-2-e1760627021166-1024x723.jpeg 1024w, https:\/\/biltegisl.com\/wp-content\/uploads\/2025\/10\/WhatsApp-Image-2025-10-16-at-15.56.05-2-e1760627021166-768x542.jpeg 768w, https:\/\/biltegisl.com\/wp-content\/uploads\/2025\/10\/WhatsApp-Image-2025-10-16-at-15.56.05-2-e1760627021166-18x12.jpeg 18w\" sizes=\"(max-width: 1530px) 100vw, 1530px\" \/>\t\t\t\t\t\t\t\t\t\t\t\t\t\t\t<\/div>\n\t\t\t\t<\/div>\n\t\t<div class=\"elementor-element elementor-element-ec91af7 e-con-full e-flex e-con e-child\" data-id=\"ec91af7\" data-element_type=\"container\" data-e-type=\"container\">\n\t\t\t\t<div class=\"elementor-element elementor-element-3ce05e7 elementor-widget elementor-widget-heading\" data-id=\"3ce05e7\" data-element_type=\"widget\" data-e-type=\"widget\" data-widget_type=\"heading.default\">\n\t\t\t\t\t<h2 class=\"elementor-heading-title elementor-size-default\">Entreplantas<\/h2>\t\t\t\t<\/div>\n\t\t\t\t<div class=\"elementor-element elementor-element-14ba258 elementor-widget elementor-widget-text-editor\" data-id=\"14ba258\" data-element_type=\"widget\" data-e-type=\"widget\" data-widget_type=\"text-editor.default\">\n\t\t\t\t\t\t\t\t\t<p>Las entreplantas de Biltegi S.L. son una soluci\u00f3n pr\u00e1ctica y econ\u00f3mica para ampliar el espacio de almacenaje sin aumentar la superficie de suelo.<\/p><p>Estructuras de acero con vigas y columnas que aprovechan la altura de la nave, incluyen suelo, barandillas, escaleras y accesos.<\/p><p>Disponibles en distintas medidas y acabados, se adaptan a cualquier necesidad de carga y distribuci\u00f3n.<\/p>\t\t\t\t\t\t\t\t<\/div>\n\t\t\t\t<\/div>\n\t\t\t\t\t<\/div>\n\t\t\t\t<\/div>\n\t\t<div class=\"elementor-element elementor-element-3894b78 e-flex e-con-boxed e-con e-parent\" data-id=\"3894b78\" data-element_type=\"container\" data-e-type=\"container\" id=\"taquillas\">\n\t\t\t\t\t<div class=\"e-con-inner\">\n\t\t<div class=\"elementor-element elementor-element-a68a957 e-con-full e-flex e-con e-child\" data-id=\"a68a957\" data-element_type=\"container\" data-e-type=\"container\">\n\t\t\t\t<div class=\"elementor-element elementor-element-bcf0684 elementor-widget elementor-widget-image\" data-id=\"bcf0684\" data-element_type=\"widget\" data-e-type=\"widget\" data-widget_type=\"image.default\">\n\t\t\t\t\t\t\t\t\t\t\t\t\t\t\t<img loading=\"lazy\" decoding=\"async\" width=\"858\" height=\"880\" src=\"https:\/\/biltegisl.com\/wp-content\/uploads\/2025\/10\/Sin-titulo-1000-x-1000-px-e1760629095134.png\" class=\"attachment-2048x2048 size-2048x2048 wp-image-1733\" alt=\"\" srcset=\"https:\/\/biltegisl.com\/wp-content\/uploads\/2025\/10\/Sin-titulo-1000-x-1000-px-e1760629095134.png 858w, https:\/\/biltegisl.com\/wp-content\/uploads\/2025\/10\/Sin-titulo-1000-x-1000-px-e1760629095134-293x300.png 293w, https:\/\/biltegisl.com\/wp-content\/uploads\/2025\/10\/Sin-titulo-1000-x-1000-px-e1760629095134-768x788.png 768w, https:\/\/biltegisl.com\/wp-content\/uploads\/2025\/10\/Sin-titulo-1000-x-1000-px-e1760629095134-12x12.png 12w\" sizes=\"(max-width: 858px) 100vw, 858px\" \/>\t\t\t\t\t\t\t\t\t\t\t\t\t\t\t<\/div>\n\t\t\t\t<\/div>\n\t\t<div class=\"elementor-element elementor-element-24a65e7 e-con-full e-flex e-con e-child\" data-id=\"24a65e7\" data-element_type=\"container\" data-e-type=\"container\">\n\t\t\t\t<div class=\"elementor-element elementor-element-dc6c9c8 elementor-widget elementor-widget-heading\" data-id=\"dc6c9c8\" data-element_type=\"widget\" data-e-type=\"widget\" data-widget_type=\"heading.default\">\n\t\t\t\t\t<h2 class=\"elementor-heading-title elementor-size-default\">Taquillas<\/h2>\t\t\t\t<\/div>\n\t\t\t\t<div class=\"elementor-element elementor-element-f28ccc1 elementor-widget elementor-widget-text-editor\" data-id=\"f28ccc1\" data-element_type=\"widget\" data-e-type=\"widget\" data-widget_type=\"text-editor.default\">\n\t\t\t\t\t\t\t\t\t<p data-start=\"0\" data-end=\"380\">Las taquillas met\u00e1licas de Biltegi S.L. son pr\u00e1cticas, resistentes y f\u00e1ciles de instalar, ideales para vestuarios, gimnasios, centros de ocio e industrias.<\/p><p data-start=\"0\" data-end=\"380\">Fabricadas en chapa de acero soldada, ofrecen gran durabilidad y se entregan totalmente montadas para una instalaci\u00f3n r\u00e1pida.<\/p><p data-start=\"0\" data-end=\"380\">Disponemos de distintos tama\u00f1os, colores y configuraciones para adaptarnos a cada necesidad.<\/p><p data-start=\"382\" data-end=\"508\">\u00a0<\/p>\t\t\t\t\t\t\t\t<\/div>\n\t\t\t\t<\/div>\n\t\t\t\t\t<\/div>\n\t\t\t\t<\/div>\n\t\t<div class=\"elementor-element elementor-element-b9a03de e-flex e-con-boxed e-con e-parent\" data-id=\"b9a03de\" data-element_type=\"container\" data-e-type=\"container\" id=\"cajas-de-plasticos\">\n\t\t\t\t\t<div class=\"e-con-inner\">\n\t\t<div class=\"elementor-element elementor-element-13d86d8 e-con-full e-flex e-con e-child\" data-id=\"13d86d8\" data-element_type=\"container\" data-e-type=\"container\">\n\t\t\t\t<div class=\"elementor-element elementor-element-d61738f elementor-widget elementor-widget-image\" data-id=\"d61738f\" data-element_type=\"widget\" data-e-type=\"widget\" data-widget_type=\"image.default\">\n\t\t\t\t\t\t\t\t\t\t\t\t\t\t\t<img loading=\"lazy\" decoding=\"async\" width=\"2048\" height=\"2048\" src=\"https:\/\/biltegisl.com\/wp-content\/uploads\/2025\/10\/full-frame-shot-empty-seats-2048x2048.jpg\" class=\"attachment-2048x2048 size-2048x2048 wp-image-1592\" alt=\"\" srcset=\"https:\/\/biltegisl.com\/wp-content\/uploads\/2025\/10\/full-frame-shot-empty-seats-2048x2048.jpg 2048w, https:\/\/biltegisl.com\/wp-content\/uploads\/2025\/10\/full-frame-shot-empty-seats-300x300.jpg 300w, https:\/\/biltegisl.com\/wp-content\/uploads\/2025\/10\/full-frame-shot-empty-seats-1024x1024.jpg 1024w, https:\/\/biltegisl.com\/wp-content\/uploads\/2025\/10\/full-frame-shot-empty-seats-150x150.jpg 150w, https:\/\/biltegisl.com\/wp-content\/uploads\/2025\/10\/full-frame-shot-empty-seats-768x768.jpg 768w, https:\/\/biltegisl.com\/wp-content\/uploads\/2025\/10\/full-frame-shot-empty-seats-1536x1536.jpg 1536w, https:\/\/biltegisl.com\/wp-content\/uploads\/2025\/10\/full-frame-shot-empty-seats-12x12.jpg 12w\" sizes=\"(max-width: 2048px) 100vw, 2048px\" \/>\t\t\t\t\t\t\t\t\t\t\t\t\t\t\t<\/div>\n\t\t\t\t<\/div>\n\t\t<div class=\"elementor-element elementor-element-2dfb75d e-con-full e-flex e-con e-child\" data-id=\"2dfb75d\" data-element_type=\"container\" data-e-type=\"container\">\n\t\t\t\t<div class=\"elementor-element elementor-element-9ce254c elementor-widget elementor-widget-heading\" data-id=\"9ce254c\" data-element_type=\"widget\" data-e-type=\"widget\" data-widget_type=\"heading.default\">\n\t\t\t\t\t<h2 class=\"elementor-heading-title elementor-size-default\">Cajas de Pl\u00e1sticos<\/h2>\t\t\t\t<\/div>\n\t\t\t\t<div class=\"elementor-element elementor-element-a99b383 elementor-widget elementor-widget-text-editor\" data-id=\"a99b383\" data-element_type=\"widget\" data-e-type=\"widget\" data-widget_type=\"text-editor.default\">\n\t\t\t\t\t\t\t\t\t<p data-start=\"49\" data-end=\"262\">Las cajas de pl\u00e1stico para estanter\u00edas son resistentes, ligeras y muy pr\u00e1cticas para organizar y almacenar productos.<\/p><p data-start=\"49\" data-end=\"262\">Dise\u00f1adas para un uso intensivo, facilitan el orden, el acceso r\u00e1pido y la optimizaci\u00f3n del espacio en almacenes y talleres.<\/p>\t\t\t\t\t\t\t\t<\/div>\n\t\t\t\t<\/div>\n\t\t\t\t\t<\/div>\n\t\t\t\t<\/div>\n\t\t<div class=\"elementor-element elementor-element-66f84d5 e-flex e-con-boxed e-con e-parent\" data-id=\"66f84d5\" data-element_type=\"container\" data-e-type=\"container\">\n\t\t\t\t\t<div class=\"e-con-inner\">\n\t\t<div class=\"elementor-element elementor-element-74bbcff e-con-full e-flex e-con e-child\" data-id=\"74bbcff\" data-element_type=\"container\" data-e-type=\"container\">\n\t\t\t\t<div class=\"elementor-element elementor-element-ace3211 elementor-widget elementor-widget-heading\" data-id=\"ace3211\" data-element_type=\"widget\" data-e-type=\"widget\" data-widget_type=\"heading.default\">\n\t\t\t\t\t<h2 class=\"elementor-heading-title elementor-size-default\">\u00bfEst\u00e1s pensando en instalar estanter\u00edas?<\/h2>\t\t\t\t<\/div>\n\t\t\t\t<div class=\"elementor-element elementor-element-d43a561 elementor-widget elementor-widget-heading\" data-id=\"d43a561\" data-element_type=\"widget\" data-e-type=\"widget\" data-widget_type=\"heading.default\">\n\t\t\t\t\t<h2 class=\"elementor-heading-title elementor-size-default\">Almacenaje a tu medida, empieza contact\u00e1ndonos.<\/h2>\t\t\t\t<\/div>\n\t\t\t\t<\/div>\n\t\t<div class=\"elementor-element elementor-element-553d785 e-con-full e-flex e-con e-child\" data-id=\"553d785\" data-element_type=\"container\" data-e-type=\"container\">\n\t\t\t\t<div class=\"elementor-element elementor-element-2831135 elementor-align-center elementor-invisible elementor-widget elementor-widget-button\" data-id=\"2831135\" data-element_type=\"widget\" data-e-type=\"widget\" data-settings=\"{&quot;_animation&quot;:&quot;fadeInRight&quot;}\" data-widget_type=\"button.default\">\n\t\t\t\t\t\t\t\t\t\t<a class=\"elementor-button elementor-button-link elementor-size-sm elementor-animation-grow\" href=\"\/eu\/contacto\/\">\n\t\t\t\t\t\t<span class=\"elementor-button-content-wrapper\">\n\t\t\t\t\t\t\t\t\t<span class=\"elementor-button-text\">Empiezar proyecto<\/span>\n\t\t\t\t\t<\/span>\n\t\t\t\t\t<\/a>\n\t\t\t\t\t\t\t\t<\/div>\n\t\t\t\t<\/div>\n\t\t\t\t\t<\/div>\n\t\t\t\t<\/div>\n\t\t\t\t<\/div>","protected":false},"excerpt":{"rendered":"<p>Estanteria Ligeras Sistema de almacenaje dise\u00f1ado para la preparaci\u00f3n manual de pedidos. Permite organizar productos de carga ligera o media, facilitando el acceso r\u00e1pido a los art\u00edculos y optimizando la gesti\u00f3n del inventario. Paletizaci\u00f3n Sistema de almacenaje pensado para cargas pesadas sobre palets. Facilita el uso de carretillas elevadoras para el movimiento de mercanc\u00edas, optimizando [&hellip;]<\/p>\n","protected":false},"author":1,"featured_media":0,"parent":0,"menu_order":0,"comment_status":"closed","ping_status":"closed","template":"elementor_canvas","meta":{"footnotes":""},"class_list":["post-27","page","type-page","status-publish","hentry"],"yoast_head":"<!-- This site is optimized with the Yoast SEO plugin v27.4 - https:\/\/yoast.com\/product\/yoast-seo-wordpress\/ -->\n<title>Profesionales - BILTEGI, S.L<\/title>\n<meta name=\"robots\" content=\"index, follow, max-snippet:-1, max-image-preview:large, max-video-preview:-1\" \/>\n<link rel=\"canonical\" href=\"https:\/\/biltegisl.com\/eu\/profesionales\/\" \/>\n<meta property=\"og:locale\" content=\"en_US\" \/>\n<meta property=\"og:type\" content=\"article\" \/>\n<meta property=\"og:title\" content=\"Profesionales - BILTEGI, S.L\" \/>\n<meta property=\"og:description\" content=\"Estanteria Ligeras Sistema de almacenaje dise\u00f1ado para la preparaci\u00f3n manual de pedidos. Permite organizar productos de carga ligera o media, facilitando el acceso r\u00e1pido a los art\u00edculos y optimizando la gesti\u00f3n del inventario. Paletizaci\u00f3n Sistema de almacenaje pensado para cargas pesadas sobre palets. Facilita el uso de carretillas elevadoras para el movimiento de mercanc\u00edas, optimizando [&hellip;]\" \/>\n<meta property=\"og:url\" content=\"https:\/\/biltegisl.com\/eu\/profesionales\/\" \/>\n<meta property=\"og:site_name\" content=\"BILTEGI, S.L\" \/>\n<meta property=\"article:modified_time\" content=\"2025-10-16T15:45:32+00:00\" \/>\n<meta property=\"og:image\" content=\"https:\/\/biltegisl.com\/wp-content\/uploads\/2025\/10\/estanterias-picking-biltegi-gernika-lumo-bizkaia.jpg\" \/>\n<meta name=\"twitter:card\" content=\"summary_large_image\" \/>\n<meta name=\"twitter:label1\" content=\"Est. reading time\" \/>\n\t<meta name=\"twitter:data1\" content=\"2 minutua\" \/>\n<script type=\"application\/ld+json\" class=\"yoast-schema-graph\">{\"@context\":\"https:\\\/\\\/schema.org\",\"@graph\":[{\"@type\":\"WebPage\",\"@id\":\"https:\\\/\\\/biltegisl.com\\\/profesionales\\\/\",\"url\":\"https:\\\/\\\/biltegisl.com\\\/profesionales\\\/\",\"name\":\"Profesionales - BILTEGI, S.L\",\"isPartOf\":{\"@id\":\"https:\\\/\\\/biltegisl.com\\\/#website\"},\"primaryImageOfPage\":{\"@id\":\"https:\\\/\\\/biltegisl.com\\\/profesionales\\\/#primaryimage\"},\"image\":{\"@id\":\"https:\\\/\\\/biltegisl.com\\\/profesionales\\\/#primaryimage\"},\"thumbnailUrl\":\"https:\\\/\\\/biltegisl.com\\\/wp-content\\\/uploads\\\/2025\\\/10\\\/estanterias-picking-biltegi-gernika-lumo-bizkaia.jpg\",\"datePublished\":\"2025-10-02T11:47:57+00:00\",\"dateModified\":\"2025-10-16T15:45:32+00:00\",\"breadcrumb\":{\"@id\":\"https:\\\/\\\/biltegisl.com\\\/profesionales\\\/#breadcrumb\"},\"inLanguage\":\"eu\",\"potentialAction\":[{\"@type\":\"ReadAction\",\"target\":[\"https:\\\/\\\/biltegisl.com\\\/profesionales\\\/\"]}]},{\"@type\":\"ImageObject\",\"inLanguage\":\"eu\",\"@id\":\"https:\\\/\\\/biltegisl.com\\\/profesionales\\\/#primaryimage\",\"url\":\"https:\\\/\\\/biltegisl.com\\\/wp-content\\\/uploads\\\/2025\\\/10\\\/estanterias-picking-biltegi-gernika-lumo-bizkaia.jpg\",\"contentUrl\":\"https:\\\/\\\/biltegisl.com\\\/wp-content\\\/uploads\\\/2025\\\/10\\\/estanterias-picking-biltegi-gernika-lumo-bizkaia.jpg\"},{\"@type\":\"BreadcrumbList\",\"@id\":\"https:\\\/\\\/biltegisl.com\\\/profesionales\\\/#breadcrumb\",\"itemListElement\":[{\"@type\":\"ListItem\",\"position\":1,\"name\":\"Portada\",\"item\":\"https:\\\/\\\/biltegisl.com\\\/\"},{\"@type\":\"ListItem\",\"position\":2,\"name\":\"Profesionales\"}]},{\"@type\":\"WebSite\",\"@id\":\"https:\\\/\\\/biltegisl.com\\\/#website\",\"url\":\"https:\\\/\\\/biltegisl.com\\\/\",\"name\":\"BILTEGI, S.L\",\"description\":\"\",\"publisher\":{\"@id\":\"https:\\\/\\\/biltegisl.com\\\/#organization\"},\"potentialAction\":[{\"@type\":\"SearchAction\",\"target\":{\"@type\":\"EntryPoint\",\"urlTemplate\":\"https:\\\/\\\/biltegisl.com\\\/?s={search_term_string}\"},\"query-input\":{\"@type\":\"PropertyValueSpecification\",\"valueRequired\":true,\"valueName\":\"search_term_string\"}}],\"inLanguage\":\"eu\"},{\"@type\":\"Organization\",\"@id\":\"https:\\\/\\\/biltegisl.com\\\/#organization\",\"name\":\"BILTEGI, S.L\",\"url\":\"https:\\\/\\\/biltegisl.com\\\/\",\"logo\":{\"@type\":\"ImageObject\",\"inLanguage\":\"eu\",\"@id\":\"https:\\\/\\\/biltegisl.com\\\/#\\\/schema\\\/logo\\\/image\\\/\",\"url\":\"https:\\\/\\\/biltegisl.com\\\/wp-content\\\/uploads\\\/2025\\\/10\\\/cropped-logo-biltegi-1-300x65-1-e1759409715465.png\",\"contentUrl\":\"https:\\\/\\\/biltegisl.com\\\/wp-content\\\/uploads\\\/2025\\\/10\\\/cropped-logo-biltegi-1-300x65-1-e1759409715465.png\",\"width\":300,\"height\":41,\"caption\":\"BILTEGI, S.L\"},\"image\":{\"@id\":\"https:\\\/\\\/biltegisl.com\\\/#\\\/schema\\\/logo\\\/image\\\/\"}}]}<\/script>\n<!-- \/ Yoast SEO plugin. -->","yoast_head_json":{"title":"Profesionales - BILTEGI, S.L","robots":{"index":"index","follow":"follow","max-snippet":"max-snippet:-1","max-image-preview":"max-image-preview:large","max-video-preview":"max-video-preview:-1"},"canonical":"https:\/\/biltegisl.com\/eu\/profesionales\/","og_locale":"en_US","og_type":"article","og_title":"Profesionales - BILTEGI, S.L","og_description":"Estanteria Ligeras Sistema de almacenaje dise\u00f1ado para la preparaci\u00f3n manual de pedidos. Permite organizar productos de carga ligera o media, facilitando el acceso r\u00e1pido a los art\u00edculos y optimizando la gesti\u00f3n del inventario. Paletizaci\u00f3n Sistema de almacenaje pensado para cargas pesadas sobre palets. Facilita el uso de carretillas elevadoras para el movimiento de mercanc\u00edas, optimizando [&hellip;]","og_url":"https:\/\/biltegisl.com\/eu\/profesionales\/","og_site_name":"BILTEGI, S.L","article_modified_time":"2025-10-16T15:45:32+00:00","og_image":[{"url":"https:\/\/biltegisl.com\/wp-content\/uploads\/2025\/10\/estanterias-picking-biltegi-gernika-lumo-bizkaia.jpg","type":"","width":"","height":""}],"twitter_card":"summary_large_image","twitter_misc":{"Est. reading time":"2 minutua"},"schema":{"@context":"https:\/\/schema.org","@graph":[{"@type":"WebPage","@id":"https:\/\/biltegisl.com\/profesionales\/","url":"https:\/\/biltegisl.com\/profesionales\/","name":"Profesionales - BILTEGI, S.L","isPartOf":{"@id":"https:\/\/biltegisl.com\/#website"},"primaryImageOfPage":{"@id":"https:\/\/biltegisl.com\/profesionales\/#primaryimage"},"image":{"@id":"https:\/\/biltegisl.com\/profesionales\/#primaryimage"},"thumbnailUrl":"https:\/\/biltegisl.com\/wp-content\/uploads\/2025\/10\/estanterias-picking-biltegi-gernika-lumo-bizkaia.jpg","datePublished":"2025-10-02T11:47:57+00:00","dateModified":"2025-10-16T15:45:32+00:00","breadcrumb":{"@id":"https:\/\/biltegisl.com\/profesionales\/#breadcrumb"},"inLanguage":"eu","potentialAction":[{"@type":"ReadAction","target":["https:\/\/biltegisl.com\/profesionales\/"]}]},{"@type":"ImageObject","inLanguage":"eu","@id":"https:\/\/biltegisl.com\/profesionales\/#primaryimage","url":"https:\/\/biltegisl.com\/wp-content\/uploads\/2025\/10\/estanterias-picking-biltegi-gernika-lumo-bizkaia.jpg","contentUrl":"https:\/\/biltegisl.com\/wp-content\/uploads\/2025\/10\/estanterias-picking-biltegi-gernika-lumo-bizkaia.jpg"},{"@type":"BreadcrumbList","@id":"https:\/\/biltegisl.com\/profesionales\/#breadcrumb","itemListElement":[{"@type":"ListItem","position":1,"name":"Portada","item":"https:\/\/biltegisl.com\/"},{"@type":"ListItem","position":2,"name":"Profesionales"}]},{"@type":"WebSite","@id":"https:\/\/biltegisl.com\/#website","url":"https:\/\/biltegisl.com\/","name":"BILTEGI, S.L","description":"","publisher":{"@id":"https:\/\/biltegisl.com\/#organization"},"potentialAction":[{"@type":"SearchAction","target":{"@type":"EntryPoint","urlTemplate":"https:\/\/biltegisl.com\/?s={search_term_string}"},"query-input":{"@type":"PropertyValueSpecification","valueRequired":true,"valueName":"search_term_string"}}],"inLanguage":"eu"},{"@type":"Organization","@id":"https:\/\/biltegisl.com\/#organization","name":"BILTEGI, S.L","url":"https:\/\/biltegisl.com\/","logo":{"@type":"ImageObject","inLanguage":"eu","@id":"https:\/\/biltegisl.com\/#\/schema\/logo\/image\/","url":"https:\/\/biltegisl.com\/wp-content\/uploads\/2025\/10\/cropped-logo-biltegi-1-300x65-1-e1759409715465.png","contentUrl":"https:\/\/biltegisl.com\/wp-content\/uploads\/2025\/10\/cropped-logo-biltegi-1-300x65-1-e1759409715465.png","width":300,"height":41,"caption":"BILTEGI, S.L"},"image":{"@id":"https:\/\/biltegisl.com\/#\/schema\/logo\/image\/"}}]}},"_links":{"self":[{"href":"https:\/\/biltegisl.com\/eu\/wp-json\/wp\/v2\/pages\/27","targetHints":{"allow":["GET"]}}],"collection":[{"href":"https:\/\/biltegisl.com\/eu\/wp-json\/wp\/v2\/pages"}],"about":[{"href":"https:\/\/biltegisl.com\/eu\/wp-json\/wp\/v2\/types\/page"}],"author":[{"embeddable":true,"href":"https:\/\/biltegisl.com\/eu\/wp-json\/wp\/v2\/users\/1"}],"replies":[{"embeddable":true,"href":"https:\/\/biltegisl.com\/eu\/wp-json\/wp\/v2\/comments?post=27"}],"version-history":[{"count":411,"href":"https:\/\/biltegisl.com\/eu\/wp-json\/wp\/v2\/pages\/27\/revisions"}],"predecessor-version":[{"id":1778,"href":"https:\/\/biltegisl.com\/eu\/wp-json\/wp\/v2\/pages\/27\/revisions\/1778"}],"wp:attachment":[{"href":"https:\/\/biltegisl.com\/eu\/wp-json\/wp\/v2\/media?parent=27"}],"curies":[{"name":"wp","href":"https:\/\/api.w.org\/{rel}","templated":true}]}}