{"id":26,"date":"2025-10-02T11:47:44","date_gmt":"2025-10-02T11:47:44","guid":{"rendered":"https:\/\/estanteriasbiltegi.rkinformatika.online\/?page_id=26"},"modified":"2025-10-16T15:43:02","modified_gmt":"2025-10-16T15:43:02","slug":"particulares","status":"publish","type":"page","link":"https:\/\/biltegisl.com\/eu\/particulares\/","title":{"rendered":"Partikularrak"},"content":{"rendered":"<div data-elementor-type=\"wp-page\" data-elementor-id=\"26\" class=\"elementor elementor-26\" data-elementor-post-type=\"page\">\n\t\t\t\t<div class=\"elementor-element elementor-element-57b7801 e-flex e-con-boxed e-con e-parent\" data-id=\"57b7801\" data-element_type=\"container\" data-e-type=\"container\" data-settings=\"{&quot;background_background&quot;:&quot;classic&quot;}\">\n\t\t\t\t\t<div class=\"e-con-inner\">\n\t\t\t\t<div class=\"elementor-element elementor-element-51fb8ad elementor-widget elementor-widget-heading\" data-id=\"51fb8ad\" data-element_type=\"widget\" data-e-type=\"widget\" data-widget_type=\"heading.default\">\n\t\t\t\t\t<h2 class=\"elementor-heading-title elementor-size-default\">Partikularrak<\/h2>\t\t\t\t<\/div>\n\t\t\t\t\t<\/div>\n\t\t\t\t<\/div>\n\t\t<div class=\"elementor-element elementor-element-a112e6c e-flex e-con-boxed e-con e-parent\" data-id=\"a112e6c\" data-element_type=\"container\" data-e-type=\"container\">\n\t\t\t\t\t<div class=\"e-con-inner\">\n\t\t<div class=\"elementor-element elementor-element-4a42fed e-con-full e-flex e-con e-child\" data-id=\"4a42fed\" data-element_type=\"container\" data-e-type=\"container\">\n\t\t\t\t<div class=\"elementor-element elementor-element-d14108a elementor-widget elementor-widget-image\" data-id=\"d14108a\" data-element_type=\"widget\" data-e-type=\"widget\" data-widget_type=\"image.default\">\n\t\t\t\t\t\t\t\t\t\t\t\t\t\t\t<img fetchpriority=\"high\" decoding=\"async\" width=\"768\" height=\"1024\" src=\"https:\/\/biltegisl.com\/wp-content\/uploads\/2025\/10\/WhatsApp-Image-2025-10-16-at-15.18.42-768x1024.jpeg\" class=\"attachment-large size-large wp-image-1371\" alt=\"\" srcset=\"https:\/\/biltegisl.com\/wp-content\/uploads\/2025\/10\/WhatsApp-Image-2025-10-16-at-15.18.42-768x1024.jpeg 768w, https:\/\/biltegisl.com\/wp-content\/uploads\/2025\/10\/WhatsApp-Image-2025-10-16-at-15.18.42-225x300.jpeg 225w, https:\/\/biltegisl.com\/wp-content\/uploads\/2025\/10\/WhatsApp-Image-2025-10-16-at-15.18.42-1152x1536.jpeg 1152w, https:\/\/biltegisl.com\/wp-content\/uploads\/2025\/10\/WhatsApp-Image-2025-10-16-at-15.18.42-9x12.jpeg 9w, https:\/\/biltegisl.com\/wp-content\/uploads\/2025\/10\/WhatsApp-Image-2025-10-16-at-15.18.42.jpeg 1530w\" sizes=\"(max-width: 768px) 100vw, 768px\" \/>\t\t\t\t\t\t\t\t\t\t\t\t\t\t\t<\/div>\n\t\t\t\t<\/div>\n\t\t<div class=\"elementor-element elementor-element-9c5540e e-con-full e-flex e-con e-child\" data-id=\"9c5540e\" data-element_type=\"container\" data-e-type=\"container\">\n\t\t\t\t<div class=\"elementor-element elementor-element-0861238 elementor-widget elementor-widget-heading\" data-id=\"0861238\" data-element_type=\"widget\" data-e-type=\"widget\" data-widget_type=\"heading.default\">\n\t\t\t\t\t<h2 class=\"elementor-heading-title elementor-size-default\">Estanterias para cargas ligeras<\/h2>\t\t\t\t<\/div>\n\t\t\t\t<div class=\"elementor-element elementor-element-67e4da7 elementor-widget elementor-widget-text-editor\" data-id=\"67e4da7\" data-element_type=\"widget\" data-e-type=\"widget\" data-widget_type=\"text-editor.default\">\n\t\t\t\t\t\t\t\t\t<p>Soluciones pr\u00e1cticas y vers\u00e1tiles ideales para trasteros y garajes.<\/p><p>Fabricadas con materiales resistentes, son f\u00e1ciles de montar y adaptar a diferentes espacios.<\/p>\t\t\t\t\t\t\t\t<\/div>\n\t\t\t\t<\/div>\n\t\t\t\t\t<\/div>\n\t\t\t\t<\/div>\n\t\t<div class=\"elementor-element elementor-element-9981e4d e-flex e-con-boxed e-con e-parent\" data-id=\"9981e4d\" data-element_type=\"container\" data-e-type=\"container\">\n\t\t\t\t\t<div class=\"e-con-inner\">\n\t\t<div class=\"elementor-element elementor-element-ebf1fa0 e-con-full e-flex e-con e-child\" data-id=\"ebf1fa0\" data-element_type=\"container\" data-e-type=\"container\">\n\t\t\t\t<div class=\"elementor-element elementor-element-5ad58e5 elementor-widget elementor-widget-heading\" data-id=\"5ad58e5\" data-element_type=\"widget\" data-e-type=\"widget\" data-widget_type=\"heading.default\">\n\t\t\t\t\t<h2 class=\"elementor-heading-title elementor-size-default\">\u00bfEst\u00e1s pensando en instalar estanter\u00edas ligeras?<\/h2>\t\t\t\t<\/div>\n\t\t\t\t<div class=\"elementor-element elementor-element-432bd5e elementor-widget elementor-widget-heading\" data-id=\"432bd5e\" data-element_type=\"widget\" data-e-type=\"widget\" data-widget_type=\"heading.default\">\n\t\t\t\t\t<h2 class=\"elementor-heading-title elementor-size-default\">Estanter\u00edas a medida, listas para montar.<\/h2>\t\t\t\t<\/div>\n\t\t\t\t<\/div>\n\t\t<div class=\"elementor-element elementor-element-e79b2bf e-con-full e-flex e-con e-child\" data-id=\"e79b2bf\" data-element_type=\"container\" data-e-type=\"container\">\n\t\t\t\t<div class=\"elementor-element elementor-element-c0a112c elementor-align-center elementor-invisible elementor-widget elementor-widget-button\" data-id=\"c0a112c\" data-element_type=\"widget\" data-e-type=\"widget\" data-settings=\"{&quot;_animation&quot;:&quot;fadeInRight&quot;}\" data-widget_type=\"button.default\">\n\t\t\t\t\t\t\t\t\t\t<a class=\"elementor-button elementor-button-link elementor-size-sm elementor-animation-grow\" href=\"\/eu\/contacto\/\">\n\t\t\t\t\t\t<span class=\"elementor-button-content-wrapper\">\n\t\t\t\t\t\t\t\t\t<span class=\"elementor-button-text\">Empiezar proyecto<\/span>\n\t\t\t\t\t<\/span>\n\t\t\t\t\t<\/a>\n\t\t\t\t\t\t\t\t<\/div>\n\t\t\t\t<\/div>\n\t\t\t\t\t<\/div>\n\t\t\t\t<\/div>\n\t\t\t\t<\/div>","protected":false},"excerpt":{"rendered":"<p>Particulares Estanterias para cargas ligeras Soluciones pr\u00e1cticas y vers\u00e1tiles ideales para trasteros y garajes. Fabricadas con materiales resistentes, son f\u00e1ciles de montar y adaptar a diferentes espacios. \u00bfEst\u00e1s pensando en instalar estanter\u00edas ligeras? Estanter\u00edas a medida, listas para montar. Empiezar proyecto<\/p>","protected":false},"author":1,"featured_media":0,"parent":0,"menu_order":0,"comment_status":"closed","ping_status":"closed","template":"elementor_canvas","meta":{"footnotes":""},"class_list":["post-26","page","type-page","status-publish","hentry"],"yoast_head":"<!-- This site is optimized with the Yoast SEO plugin v27.4 - https:\/\/yoast.com\/product\/yoast-seo-wordpress\/ -->\n<title>Particulares - BILTEGI, S.L<\/title>\n<meta name=\"robots\" content=\"index, follow, max-snippet:-1, max-image-preview:large, max-video-preview:-1\" \/>\n<link rel=\"canonical\" href=\"https:\/\/biltegisl.com\/eu\/particulares\/\" \/>\n<meta property=\"og:locale\" content=\"en_US\" \/>\n<meta property=\"og:type\" content=\"article\" \/>\n<meta property=\"og:title\" content=\"Particulares - BILTEGI, S.L\" \/>\n<meta property=\"og:description\" content=\"Particulares Estanterias para cargas ligeras Soluciones pr\u00e1cticas y vers\u00e1tiles ideales para trasteros y garajes. Fabricadas con materiales resistentes, son f\u00e1ciles de montar y adaptar a diferentes espacios. \u00bfEst\u00e1s pensando en instalar estanter\u00edas ligeras? Estanter\u00edas a medida, listas para montar. Empiezar proyecto\" \/>\n<meta property=\"og:url\" content=\"https:\/\/biltegisl.com\/eu\/particulares\/\" \/>\n<meta property=\"og:site_name\" content=\"BILTEGI, S.L\" \/>\n<meta property=\"article:modified_time\" content=\"2025-10-16T15:43:02+00:00\" \/>\n<meta property=\"og:image\" content=\"https:\/\/biltegisl.com\/wp-content\/uploads\/2025\/10\/WhatsApp-Image-2025-10-16-at-15.18.42-768x1024.jpeg\" \/>\n<meta name=\"twitter:card\" content=\"summary_large_image\" \/>\n<meta name=\"twitter:label1\" content=\"Est. reading time\" \/>\n\t<meta name=\"twitter:data1\" content=\"1 minutua\" \/>\n<script type=\"application\/ld+json\" class=\"yoast-schema-graph\">{\"@context\":\"https:\\\/\\\/schema.org\",\"@graph\":[{\"@type\":\"WebPage\",\"@id\":\"https:\\\/\\\/biltegisl.com\\\/particulares\\\/\",\"url\":\"https:\\\/\\\/biltegisl.com\\\/particulares\\\/\",\"name\":\"Particulares - BILTEGI, S.L\",\"isPartOf\":{\"@id\":\"https:\\\/\\\/biltegisl.com\\\/#website\"},\"primaryImageOfPage\":{\"@id\":\"https:\\\/\\\/biltegisl.com\\\/particulares\\\/#primaryimage\"},\"image\":{\"@id\":\"https:\\\/\\\/biltegisl.com\\\/particulares\\\/#primaryimage\"},\"thumbnailUrl\":\"https:\\\/\\\/biltegisl.com\\\/wp-content\\\/uploads\\\/2025\\\/10\\\/WhatsApp-Image-2025-10-16-at-15.18.42-768x1024.jpeg\",\"datePublished\":\"2025-10-02T11:47:44+00:00\",\"dateModified\":\"2025-10-16T15:43:02+00:00\",\"breadcrumb\":{\"@id\":\"https:\\\/\\\/biltegisl.com\\\/particulares\\\/#breadcrumb\"},\"inLanguage\":\"eu\",\"potentialAction\":[{\"@type\":\"ReadAction\",\"target\":[\"https:\\\/\\\/biltegisl.com\\\/particulares\\\/\"]}]},{\"@type\":\"ImageObject\",\"inLanguage\":\"eu\",\"@id\":\"https:\\\/\\\/biltegisl.com\\\/particulares\\\/#primaryimage\",\"url\":\"https:\\\/\\\/biltegisl.com\\\/wp-content\\\/uploads\\\/2025\\\/10\\\/WhatsApp-Image-2025-10-16-at-15.18.42-768x1024.jpeg\",\"contentUrl\":\"https:\\\/\\\/biltegisl.com\\\/wp-content\\\/uploads\\\/2025\\\/10\\\/WhatsApp-Image-2025-10-16-at-15.18.42-768x1024.jpeg\"},{\"@type\":\"BreadcrumbList\",\"@id\":\"https:\\\/\\\/biltegisl.com\\\/particulares\\\/#breadcrumb\",\"itemListElement\":[{\"@type\":\"ListItem\",\"position\":1,\"name\":\"Portada\",\"item\":\"https:\\\/\\\/biltegisl.com\\\/\"},{\"@type\":\"ListItem\",\"position\":2,\"name\":\"Particulares\"}]},{\"@type\":\"WebSite\",\"@id\":\"https:\\\/\\\/biltegisl.com\\\/#website\",\"url\":\"https:\\\/\\\/biltegisl.com\\\/\",\"name\":\"BILTEGI, S.L\",\"description\":\"\",\"publisher\":{\"@id\":\"https:\\\/\\\/biltegisl.com\\\/#organization\"},\"potentialAction\":[{\"@type\":\"SearchAction\",\"target\":{\"@type\":\"EntryPoint\",\"urlTemplate\":\"https:\\\/\\\/biltegisl.com\\\/?s={search_term_string}\"},\"query-input\":{\"@type\":\"PropertyValueSpecification\",\"valueRequired\":true,\"valueName\":\"search_term_string\"}}],\"inLanguage\":\"eu\"},{\"@type\":\"Organization\",\"@id\":\"https:\\\/\\\/biltegisl.com\\\/#organization\",\"name\":\"BILTEGI, S.L\",\"url\":\"https:\\\/\\\/biltegisl.com\\\/\",\"logo\":{\"@type\":\"ImageObject\",\"inLanguage\":\"eu\",\"@id\":\"https:\\\/\\\/biltegisl.com\\\/#\\\/schema\\\/logo\\\/image\\\/\",\"url\":\"https:\\\/\\\/biltegisl.com\\\/wp-content\\\/uploads\\\/2025\\\/10\\\/cropped-logo-biltegi-1-300x65-1-e1759409715465.png\",\"contentUrl\":\"https:\\\/\\\/biltegisl.com\\\/wp-content\\\/uploads\\\/2025\\\/10\\\/cropped-logo-biltegi-1-300x65-1-e1759409715465.png\",\"width\":300,\"height\":41,\"caption\":\"BILTEGI, S.L\"},\"image\":{\"@id\":\"https:\\\/\\\/biltegisl.com\\\/#\\\/schema\\\/logo\\\/image\\\/\"}}]}<\/script>\n<!-- \/ Yoast SEO plugin. -->","yoast_head_json":{"title":"Particulares - BILTEGI, S.L","robots":{"index":"index","follow":"follow","max-snippet":"max-snippet:-1","max-image-preview":"max-image-preview:large","max-video-preview":"max-video-preview:-1"},"canonical":"https:\/\/biltegisl.com\/eu\/particulares\/","og_locale":"en_US","og_type":"article","og_title":"Particulares - BILTEGI, S.L","og_description":"Particulares Estanterias para cargas ligeras Soluciones pr\u00e1cticas y vers\u00e1tiles ideales para trasteros y garajes. Fabricadas con materiales resistentes, son f\u00e1ciles de montar y adaptar a diferentes espacios. \u00bfEst\u00e1s pensando en instalar estanter\u00edas ligeras? Estanter\u00edas a medida, listas para montar. Empiezar proyecto","og_url":"https:\/\/biltegisl.com\/eu\/particulares\/","og_site_name":"BILTEGI, S.L","article_modified_time":"2025-10-16T15:43:02+00:00","og_image":[{"url":"https:\/\/biltegisl.com\/wp-content\/uploads\/2025\/10\/WhatsApp-Image-2025-10-16-at-15.18.42-768x1024.jpeg","type":"","width":"","height":""}],"twitter_card":"summary_large_image","twitter_misc":{"Est. reading time":"1 minutua"},"schema":{"@context":"https:\/\/schema.org","@graph":[{"@type":"WebPage","@id":"https:\/\/biltegisl.com\/particulares\/","url":"https:\/\/biltegisl.com\/particulares\/","name":"Particulares - BILTEGI, S.L","isPartOf":{"@id":"https:\/\/biltegisl.com\/#website"},"primaryImageOfPage":{"@id":"https:\/\/biltegisl.com\/particulares\/#primaryimage"},"image":{"@id":"https:\/\/biltegisl.com\/particulares\/#primaryimage"},"thumbnailUrl":"https:\/\/biltegisl.com\/wp-content\/uploads\/2025\/10\/WhatsApp-Image-2025-10-16-at-15.18.42-768x1024.jpeg","datePublished":"2025-10-02T11:47:44+00:00","dateModified":"2025-10-16T15:43:02+00:00","breadcrumb":{"@id":"https:\/\/biltegisl.com\/particulares\/#breadcrumb"},"inLanguage":"eu","potentialAction":[{"@type":"ReadAction","target":["https:\/\/biltegisl.com\/particulares\/"]}]},{"@type":"ImageObject","inLanguage":"eu","@id":"https:\/\/biltegisl.com\/particulares\/#primaryimage","url":"https:\/\/biltegisl.com\/wp-content\/uploads\/2025\/10\/WhatsApp-Image-2025-10-16-at-15.18.42-768x1024.jpeg","contentUrl":"https:\/\/biltegisl.com\/wp-content\/uploads\/2025\/10\/WhatsApp-Image-2025-10-16-at-15.18.42-768x1024.jpeg"},{"@type":"BreadcrumbList","@id":"https:\/\/biltegisl.com\/particulares\/#breadcrumb","itemListElement":[{"@type":"ListItem","position":1,"name":"Portada","item":"https:\/\/biltegisl.com\/"},{"@type":"ListItem","position":2,"name":"Particulares"}]},{"@type":"WebSite","@id":"https:\/\/biltegisl.com\/#website","url":"https:\/\/biltegisl.com\/","name":"BILTEGI, S.L","description":"","publisher":{"@id":"https:\/\/biltegisl.com\/#organization"},"potentialAction":[{"@type":"SearchAction","target":{"@type":"EntryPoint","urlTemplate":"https:\/\/biltegisl.com\/?s={search_term_string}"},"query-input":{"@type":"PropertyValueSpecification","valueRequired":true,"valueName":"search_term_string"}}],"inLanguage":"eu"},{"@type":"Organization","@id":"https:\/\/biltegisl.com\/#organization","name":"BILTEGI, S.L","url":"https:\/\/biltegisl.com\/","logo":{"@type":"ImageObject","inLanguage":"eu","@id":"https:\/\/biltegisl.com\/#\/schema\/logo\/image\/","url":"https:\/\/biltegisl.com\/wp-content\/uploads\/2025\/10\/cropped-logo-biltegi-1-300x65-1-e1759409715465.png","contentUrl":"https:\/\/biltegisl.com\/wp-content\/uploads\/2025\/10\/cropped-logo-biltegi-1-300x65-1-e1759409715465.png","width":300,"height":41,"caption":"BILTEGI, S.L"},"image":{"@id":"https:\/\/biltegisl.com\/#\/schema\/logo\/image\/"}}]}},"_links":{"self":[{"href":"https:\/\/biltegisl.com\/eu\/wp-json\/wp\/v2\/pages\/26","targetHints":{"allow":["GET"]}}],"collection":[{"href":"https:\/\/biltegisl.com\/eu\/wp-json\/wp\/v2\/pages"}],"about":[{"href":"https:\/\/biltegisl.com\/eu\/wp-json\/wp\/v2\/types\/page"}],"author":[{"embeddable":true,"href":"https:\/\/biltegisl.com\/eu\/wp-json\/wp\/v2\/users\/1"}],"replies":[{"embeddable":true,"href":"https:\/\/biltegisl.com\/eu\/wp-json\/wp\/v2\/comments?post=26"}],"version-history":[{"count":199,"href":"https:\/\/biltegisl.com\/eu\/wp-json\/wp\/v2\/pages\/26\/revisions"}],"predecessor-version":[{"id":1760,"href":"https:\/\/biltegisl.com\/eu\/wp-json\/wp\/v2\/pages\/26\/revisions\/1760"}],"wp:attachment":[{"href":"https:\/\/biltegisl.com\/eu\/wp-json\/wp\/v2\/media?parent=26"}],"curies":[{"name":"wp","href":"https:\/\/api.w.org\/{rel}","templated":true}]}}